{"id":13,"date":"2020-09-23T15:53:13","date_gmt":"2020-09-23T13:53:13","guid":{"rendered":"https:\/\/meyer-autohaus.de\/\/?page_id=13"},"modified":"2025-09-01T14:05:57","modified_gmt":"2025-09-01T12:05:57","slug":"werkstatt","status":"publish","type":"page","link":"https:\/\/meyer-autohaus.de\/index.php\/werkstatt\/","title":{"rendered":"Werkstatt"},"content":{"rendered":"\t\t<div data-elementor-type=\"wp-page\" data-elementor-id=\"13\" class=\"elementor elementor-13\" data-elementor-post-type=\"page\">\n\t\t\t\t\t\t<section class=\"elementor-section elementor-top-section elementor-element elementor-element-44dec4d elementor-section-full_width elementor-section-height-default elementor-section-height-default\" data-id=\"44dec4d\" data-element_type=\"section\" data-settings=\"{&quot;background_background&quot;:&quot;classic&quot;}\">\n\t\t\t\t\t\t<div class=\"elementor-container elementor-column-gap-no\">\n\t\t\t\t\t<div class=\"elementor-column elementor-col-100 elementor-top-column elementor-element elementor-element-ea090fa\" data-id=\"ea090fa\" data-element_type=\"column\" data-settings=\"{&quot;background_background&quot;:&quot;classic&quot;}\">\n\t\t\t<div class=\"elementor-widget-wrap elementor-element-populated\">\n\t\t\t\t\t\t<div class=\"elementor-element elementor-element-bc29a62 elementor-widget elementor-widget-spacer\" data-id=\"bc29a62\" data-element_type=\"widget\" data-widget_type=\"spacer.default\">\n\t\t\t\t<div class=\"elementor-widget-container\">\n\t\t\t\t\t\t\t<div class=\"elementor-spacer\">\n\t\t\t<div class=\"elementor-spacer-inner\"><\/div>\n\t\t<\/div>\n\t\t\t\t\t\t<\/div>\n\t\t\t\t<\/div>\n\t\t\t\t\t<\/div>\n\t\t<\/div>\n\t\t\t\t\t<\/div>\n\t\t<\/section>\n\t\t\t\t<section class=\"elementor-section elementor-top-section elementor-element elementor-element-4c3da13 elementor-section-boxed elementor-section-height-default elementor-section-height-default\" data-id=\"4c3da13\" data-element_type=\"section\">\n\t\t\t\t\t\t<div class=\"elementor-container elementor-column-gap-default\">\n\t\t\t\t\t<div class=\"elementor-column elementor-col-100 elementor-top-column elementor-element elementor-element-40a9a0d\" data-id=\"40a9a0d\" data-element_type=\"column\">\n\t\t\t<div class=\"elementor-widget-wrap elementor-element-populated\">\n\t\t\t\t\t\t<div class=\"elementor-element elementor-element-8b300b7 elementor-widget elementor-widget-heading\" data-id=\"8b300b7\" data-element_type=\"widget\" data-widget_type=\"heading.default\">\n\t\t\t\t<div class=\"elementor-widget-container\">\n\t\t\t\t\t<h2 class=\"elementor-heading-title elementor-size-default\">Werkstatt und Service.<\/h2>\t\t\t\t<\/div>\n\t\t\t\t<\/div>\n\t\t\t\t<div class=\"elementor-element elementor-element-c50f930 elementor-widget elementor-widget-heading\" data-id=\"c50f930\" data-element_type=\"widget\" data-widget_type=\"heading.default\">\n\t\t\t\t<div class=\"elementor-widget-container\">\n\t\t\t\t\t<h2 class=\"elementor-heading-title elementor-size-default\">Unsere Leistungs\u00fcbersicht:<\/h2>\t\t\t\t<\/div>\n\t\t\t\t<\/div>\n\t\t\t\t\t<\/div>\n\t\t<\/div>\n\t\t\t\t\t<\/div>\n\t\t<\/section>\n\t\t\t\t<section class=\"elementor-section elementor-top-section elementor-element elementor-element-cce0b98 elementor-section-boxed elementor-section-height-default elementor-section-height-default\" data-id=\"cce0b98\" data-element_type=\"section\">\n\t\t\t\t\t\t<div class=\"elementor-container elementor-column-gap-default\">\n\t\t\t\t\t<div class=\"elementor-column elementor-col-100 elementor-top-column elementor-element elementor-element-24ec3e5\" data-id=\"24ec3e5\" data-element_type=\"column\">\n\t\t\t<div class=\"elementor-widget-wrap elementor-element-populated\">\n\t\t\t\t\t\t<div class=\"elementor-element elementor-element-ecf52f7 elementor-widget elementor-widget-toggle\" data-id=\"ecf52f7\" data-element_type=\"widget\" data-widget_type=\"toggle.default\">\n\t\t\t\t<div class=\"elementor-widget-container\">\n\t\t\t\t\t\t\t<div class=\"elementor-toggle\">\n\t\t\t\t\t\t\t<div class=\"elementor-toggle-item\">\n\t\t\t\t\t<div id=\"elementor-tab-title-2481\" class=\"elementor-tab-title\" data-tab=\"1\" role=\"button\" aria-controls=\"elementor-tab-content-2481\" aria-expanded=\"false\">\n\t\t\t\t\t\t\t\t\t\t\t\t<span class=\"elementor-toggle-icon elementor-toggle-icon-left\" aria-hidden=\"true\">\n\t\t\t\t\t\t\t\t\t\t\t\t\t\t\t<span class=\"elementor-toggle-icon-closed\"><i class=\"fas fa-caret-right\"><\/i><\/span>\n\t\t\t\t\t\t\t\t<span class=\"elementor-toggle-icon-opened\"><i class=\"elementor-toggle-icon-opened fas fa-caret-up\"><\/i><\/span>\n\t\t\t\t\t\t\t\t\t\t\t\t\t<\/span>\n\t\t\t\t\t\t\t\t\t\t\t\t<a class=\"elementor-toggle-title\" tabindex=\"0\">REPARATUREN<\/a>\n\t\t\t\t\t<\/div>\n\n\t\t\t\t\t<div id=\"elementor-tab-content-2481\" class=\"elementor-tab-content elementor-clearfix\" data-tab=\"1\" role=\"region\" aria-labelledby=\"elementor-tab-title-2481\"><ul><li>Reparaturen aller Fabrikate<\/li><li>Inspektionen aller Fabrikate nach Herstellervorgabe (ohne Garantieverlust!)<\/li><li>Unfallinstandsetzung<\/li><li>Fahrzeuglackierung<\/li><li>Glasschadenreparatur (Austausch und Instandsetzung)<\/li><li>Hauptuntersuchung vor Ort durch Sachverst\u00e4ndigen (T\u00dcV und GT\u00dc)<\/li><li>Klimaanlagenservice und Desinfektion<\/li><li>Bosch Originalersatz- und Zubeh\u00f6rteile<\/li><li>Zeitwertgerechte Reparaturen durch Austauschteile oder Instandsetzung<\/li><\/ul><\/div>\n\t\t\t\t<\/div>\n\t\t\t\t\t\t\t<div class=\"elementor-toggle-item\">\n\t\t\t\t\t<div id=\"elementor-tab-title-2482\" class=\"elementor-tab-title\" data-tab=\"2\" role=\"button\" aria-controls=\"elementor-tab-content-2482\" aria-expanded=\"false\">\n\t\t\t\t\t\t\t\t\t\t\t\t<span class=\"elementor-toggle-icon elementor-toggle-icon-left\" aria-hidden=\"true\">\n\t\t\t\t\t\t\t\t\t\t\t\t\t\t\t<span class=\"elementor-toggle-icon-closed\"><i class=\"fas fa-caret-right\"><\/i><\/span>\n\t\t\t\t\t\t\t\t<span class=\"elementor-toggle-icon-opened\"><i class=\"elementor-toggle-icon-opened fas fa-caret-up\"><\/i><\/span>\n\t\t\t\t\t\t\t\t\t\t\t\t\t<\/span>\n\t\t\t\t\t\t\t\t\t\t\t\t<a class=\"elementor-toggle-title\" tabindex=\"0\">NACHR\u00dcSTM\u00d6GLICHKEITEN<\/a>\n\t\t\t\t\t<\/div>\n\n\t\t\t\t\t<div id=\"elementor-tab-content-2482\" class=\"elementor-tab-content elementor-clearfix\" data-tab=\"2\" role=\"region\" aria-labelledby=\"elementor-tab-title-2482\"><ul><li>LPG-Gasanlagen (KME, PRINS, Stargas und Icom)<\/li><li>Anh\u00e4ngerkupplungen<\/li><li>Standheizungen (Webasto und Ebersp\u00e4cher)<\/li><li>WAECO-Partner (Sitzheizung, Tempomat u.v.m.)<\/li><\/ul><\/div>\n\t\t\t\t<\/div>\n\t\t\t\t\t\t\t<div class=\"elementor-toggle-item\">\n\t\t\t\t\t<div id=\"elementor-tab-title-2483\" class=\"elementor-tab-title\" data-tab=\"3\" role=\"button\" aria-controls=\"elementor-tab-content-2483\" aria-expanded=\"false\">\n\t\t\t\t\t\t\t\t\t\t\t\t<span class=\"elementor-toggle-icon elementor-toggle-icon-left\" aria-hidden=\"true\">\n\t\t\t\t\t\t\t\t\t\t\t\t\t\t\t<span class=\"elementor-toggle-icon-closed\"><i class=\"fas fa-caret-right\"><\/i><\/span>\n\t\t\t\t\t\t\t\t<span class=\"elementor-toggle-icon-opened\"><i class=\"elementor-toggle-icon-opened fas fa-caret-up\"><\/i><\/span>\n\t\t\t\t\t\t\t\t\t\t\t\t\t<\/span>\n\t\t\t\t\t\t\t\t\t\t\t\t<a class=\"elementor-toggle-title\" tabindex=\"0\">UNSER SERVICE F\u00dcR SIE<\/a>\n\t\t\t\t\t<\/div>\n\n\t\t\t\t\t<div id=\"elementor-tab-content-2483\" class=\"elementor-tab-content elementor-clearfix\" data-tab=\"3\" role=\"region\" aria-labelledby=\"elementor-tab-title-2483\"><ul><li>Ersatz- und Mietwagen vor Ort<\/li><li>24h-Annahme<\/li><li>Hol- und Bringservice<\/li><li>Fahrzeugaufbereitung vom Spezialisten<\/li><li>Behindertengerechte Umr\u00fcstung<\/li><li>Reifeneinlagerung<\/li><li>Mobilit\u00e4tsgarantie zu jeder Inspektion<\/li><\/ul><\/div>\n\t\t\t\t<\/div>\n\t\t\t\t\t\t\t\t<\/div>\n\t\t\t\t\t\t<\/div>\n\t\t\t\t<\/div>\n\t\t\t\t\t<\/div>\n\t\t<\/div>\n\t\t\t\t\t<\/div>\n\t\t<\/section>\n\t\t\t\t<section class=\"elementor-section elementor-top-section elementor-element elementor-element-18b2f8f3 elementor-section-content-middle elementor-hidden-desktop elementor-hidden-tablet elementor-hidden-phone elementor-section-boxed elementor-section-height-default elementor-section-height-default\" data-id=\"18b2f8f3\" data-element_type=\"section\" data-settings=\"{&quot;background_background&quot;:&quot;classic&quot;}\">\n\t\t\t\t\t\t<div class=\"elementor-container elementor-column-gap-no\">\n\t\t\t\t\t<div class=\"elementor-column elementor-col-100 elementor-top-column elementor-element elementor-element-625e07cd\" data-id=\"625e07cd\" data-element_type=\"column\">\n\t\t\t<div class=\"elementor-widget-wrap elementor-element-populated\">\n\t\t\t\t\t\t<section class=\"elementor-section elementor-inner-section elementor-element elementor-element-1bb6dc44 elementor-section-content-middle elementor-section-boxed elementor-section-height-default elementor-section-height-default\" data-id=\"1bb6dc44\" data-element_type=\"section\">\n\t\t\t\t\t\t<div class=\"elementor-container elementor-column-gap-no\">\n\t\t\t\t\t<div class=\"elementor-column elementor-col-20 elementor-inner-column elementor-element elementor-element-bed0b49\" data-id=\"bed0b49\" data-element_type=\"column\">\n\t\t\t<div class=\"elementor-widget-wrap elementor-element-populated\">\n\t\t\t\t\t\t<div class=\"elementor-element elementor-element-442a927a elementor-widget elementor-widget-image\" data-id=\"442a927a\" data-element_type=\"widget\" data-widget_type=\"image.default\">\n\t\t\t\t<div class=\"elementor-widget-container\">\n\t\t\t\t\t\t\t\t\t\t\t\t\t\t\t<img fetchpriority=\"high\" decoding=\"async\" width=\"1024\" height=\"216\" src=\"https:\/\/meyer-autohaus.de\/wp-content\/uploads\/2020\/09\/Meyer-Logo-Pfad-1024x216.png\" class=\"attachment-large size-large wp-image-50\" alt=\"\" srcset=\"https:\/\/meyer-autohaus.de\/wp-content\/uploads\/2020\/09\/Meyer-Logo-Pfad-1024x216.png 1024w, https:\/\/meyer-autohaus.de\/wp-content\/uploads\/2020\/09\/Meyer-Logo-Pfad-300x63.png 300w, https:\/\/meyer-autohaus.de\/wp-content\/uploads\/2020\/09\/Meyer-Logo-Pfad-768x162.png 768w, https:\/\/meyer-autohaus.de\/wp-content\/uploads\/2020\/09\/Meyer-Logo-Pfad-1536x324.png 1536w, https:\/\/meyer-autohaus.de\/wp-content\/uploads\/2020\/09\/Meyer-Logo-Pfad-2048x432.png 2048w\" sizes=\"(max-width: 1024px) 100vw, 1024px\" \/>\t\t\t\t\t\t\t\t\t\t\t\t\t\t\t<\/div>\n\t\t\t\t<\/div>\n\t\t\t\t\t<\/div>\n\t\t<\/div>\n\t\t\t\t<div class=\"elementor-column elementor-col-20 elementor-inner-column elementor-element elementor-element-c6dc0f2\" data-id=\"c6dc0f2\" data-element_type=\"column\">\n\t\t\t<div class=\"elementor-widget-wrap elementor-element-populated\">\n\t\t\t\t\t\t<div class=\"elementor-element elementor-element-397b9fdd elementor-widget elementor-widget-image\" data-id=\"397b9fdd\" data-element_type=\"widget\" data-widget_type=\"image.default\">\n\t\t\t\t<div class=\"elementor-widget-container\">\n\t\t\t\t\t\t\t\t\t\t\t\t\t\t\t<img fetchpriority=\"high\" decoding=\"async\" width=\"1024\" height=\"216\" src=\"https:\/\/meyer-autohaus.de\/wp-content\/uploads\/2020\/09\/Meyer-Logo-Pfad-1024x216.png\" class=\"attachment-large size-large wp-image-50\" alt=\"\" srcset=\"https:\/\/meyer-autohaus.de\/wp-content\/uploads\/2020\/09\/Meyer-Logo-Pfad-1024x216.png 1024w, https:\/\/meyer-autohaus.de\/wp-content\/uploads\/2020\/09\/Meyer-Logo-Pfad-300x63.png 300w, https:\/\/meyer-autohaus.de\/wp-content\/uploads\/2020\/09\/Meyer-Logo-Pfad-768x162.png 768w, https:\/\/meyer-autohaus.de\/wp-content\/uploads\/2020\/09\/Meyer-Logo-Pfad-1536x324.png 1536w, https:\/\/meyer-autohaus.de\/wp-content\/uploads\/2020\/09\/Meyer-Logo-Pfad-2048x432.png 2048w\" sizes=\"(max-width: 1024px) 100vw, 1024px\" \/>\t\t\t\t\t\t\t\t\t\t\t\t\t\t\t<\/div>\n\t\t\t\t<\/div>\n\t\t\t\t\t<\/div>\n\t\t<\/div>\n\t\t\t\t<div class=\"elementor-column elementor-col-20 elementor-inner-column elementor-element elementor-element-6ea0367\" data-id=\"6ea0367\" data-element_type=\"column\">\n\t\t\t<div class=\"elementor-widget-wrap elementor-element-populated\">\n\t\t\t\t\t\t<div class=\"elementor-element elementor-element-72f97b5f elementor-widget elementor-widget-image\" data-id=\"72f97b5f\" data-element_type=\"widget\" data-widget_type=\"image.default\">\n\t\t\t\t<div class=\"elementor-widget-container\">\n\t\t\t\t\t\t\t\t\t\t\t\t\t\t\t<img fetchpriority=\"high\" decoding=\"async\" width=\"1024\" height=\"216\" src=\"https:\/\/meyer-autohaus.de\/wp-content\/uploads\/2020\/09\/Meyer-Logo-Pfad-1024x216.png\" class=\"attachment-large size-large wp-image-50\" alt=\"\" srcset=\"https:\/\/meyer-autohaus.de\/wp-content\/uploads\/2020\/09\/Meyer-Logo-Pfad-1024x216.png 1024w, https:\/\/meyer-autohaus.de\/wp-content\/uploads\/2020\/09\/Meyer-Logo-Pfad-300x63.png 300w, https:\/\/meyer-autohaus.de\/wp-content\/uploads\/2020\/09\/Meyer-Logo-Pfad-768x162.png 768w, https:\/\/meyer-autohaus.de\/wp-content\/uploads\/2020\/09\/Meyer-Logo-Pfad-1536x324.png 1536w, https:\/\/meyer-autohaus.de\/wp-content\/uploads\/2020\/09\/Meyer-Logo-Pfad-2048x432.png 2048w\" sizes=\"(max-width: 1024px) 100vw, 1024px\" \/>\t\t\t\t\t\t\t\t\t\t\t\t\t\t\t<\/div>\n\t\t\t\t<\/div>\n\t\t\t\t\t<\/div>\n\t\t<\/div>\n\t\t\t\t<div class=\"elementor-column elementor-col-20 elementor-inner-column elementor-element elementor-element-76825ec9\" data-id=\"76825ec9\" data-element_type=\"column\">\n\t\t\t<div class=\"elementor-widget-wrap elementor-element-populated\">\n\t\t\t\t\t\t<div class=\"elementor-element elementor-element-12256d4d elementor-widget elementor-widget-image\" data-id=\"12256d4d\" data-element_type=\"widget\" data-widget_type=\"image.default\">\n\t\t\t\t<div class=\"elementor-widget-container\">\n\t\t\t\t\t\t\t\t\t\t\t\t\t\t\t<img fetchpriority=\"high\" decoding=\"async\" width=\"1024\" height=\"216\" src=\"https:\/\/meyer-autohaus.de\/wp-content\/uploads\/2020\/09\/Meyer-Logo-Pfad-1024x216.png\" class=\"attachment-large size-large wp-image-50\" alt=\"\" srcset=\"https:\/\/meyer-autohaus.de\/wp-content\/uploads\/2020\/09\/Meyer-Logo-Pfad-1024x216.png 1024w, https:\/\/meyer-autohaus.de\/wp-content\/uploads\/2020\/09\/Meyer-Logo-Pfad-300x63.png 300w, https:\/\/meyer-autohaus.de\/wp-content\/uploads\/2020\/09\/Meyer-Logo-Pfad-768x162.png 768w, https:\/\/meyer-autohaus.de\/wp-content\/uploads\/2020\/09\/Meyer-Logo-Pfad-1536x324.png 1536w, https:\/\/meyer-autohaus.de\/wp-content\/uploads\/2020\/09\/Meyer-Logo-Pfad-2048x432.png 2048w\" sizes=\"(max-width: 1024px) 100vw, 1024px\" \/>\t\t\t\t\t\t\t\t\t\t\t\t\t\t\t<\/div>\n\t\t\t\t<\/div>\n\t\t\t\t\t<\/div>\n\t\t<\/div>\n\t\t\t\t<div class=\"elementor-column elementor-col-20 elementor-inner-column elementor-element elementor-element-6ce10c0 elementor-hidden-phone\" data-id=\"6ce10c0\" data-element_type=\"column\">\n\t\t\t<div class=\"elementor-widget-wrap elementor-element-populated\">\n\t\t\t\t\t\t<div class=\"elementor-element elementor-element-5b0a4c5d elementor-widget elementor-widget-image\" data-id=\"5b0a4c5d\" data-element_type=\"widget\" data-widget_type=\"image.default\">\n\t\t\t\t<div class=\"elementor-widget-container\">\n\t\t\t\t\t\t\t\t\t\t\t\t\t\t\t<img fetchpriority=\"high\" decoding=\"async\" width=\"1024\" height=\"216\" src=\"https:\/\/meyer-autohaus.de\/wp-content\/uploads\/2020\/09\/Meyer-Logo-Pfad-1024x216.png\" class=\"attachment-large size-large wp-image-50\" alt=\"\" srcset=\"https:\/\/meyer-autohaus.de\/wp-content\/uploads\/2020\/09\/Meyer-Logo-Pfad-1024x216.png 1024w, https:\/\/meyer-autohaus.de\/wp-content\/uploads\/2020\/09\/Meyer-Logo-Pfad-300x63.png 300w, https:\/\/meyer-autohaus.de\/wp-content\/uploads\/2020\/09\/Meyer-Logo-Pfad-768x162.png 768w, https:\/\/meyer-autohaus.de\/wp-content\/uploads\/2020\/09\/Meyer-Logo-Pfad-1536x324.png 1536w, https:\/\/meyer-autohaus.de\/wp-content\/uploads\/2020\/09\/Meyer-Logo-Pfad-2048x432.png 2048w\" sizes=\"(max-width: 1024px) 100vw, 1024px\" \/>\t\t\t\t\t\t\t\t\t\t\t\t\t\t\t<\/div>\n\t\t\t\t<\/div>\n\t\t\t\t\t<\/div>\n\t\t<\/div>\n\t\t\t\t\t<\/div>\n\t\t<\/section>\n\t\t\t\t\t<\/div>\n\t\t<\/div>\n\t\t\t\t\t<\/div>\n\t\t<\/section>\n\t\t\t\t<\/div>\n\t\t","protected":false},"excerpt":{"rendered":"<p>Werkstatt und Service. Unsere Leistungs\u00fcbersicht: REPARATUREN Reparaturen aller Fabrikate Inspektionen aller Fabrikate nach Herstellervorgabe (ohne Garantieverlust!) Unfallinstandsetzung Fahrzeuglackierung Glasschadenreparatur (Austausch und Instandsetzung) Hauptuntersuchung vor Ort durch Sachverst\u00e4ndigen (T\u00dcV und GT\u00dc) Klimaanlagenservice und Desinfektion Bosch Originalersatz- und Zubeh\u00f6rteile Zeitwertgerechte Reparaturen durch Austauschteile oder Instandsetzung NACHR\u00dcSTM\u00d6GLICHKEITEN LPG-Gasanlagen (KME, PRINS, Stargas und Icom) Anh\u00e4ngerkupplungen Standheizungen (Webasto und Ebersp\u00e4cher) [&hellip;]<\/p>\n","protected":false},"author":1,"featured_media":0,"parent":0,"menu_order":0,"comment_status":"closed","ping_status":"closed","template":"","meta":{"site-sidebar-layout":"no-sidebar","site-content-layout":"page-builder","ast-site-content-layout":"default","site-content-style":"default","site-sidebar-style":"default","ast-global-header-display":"","ast-banner-title-visibility":"","ast-main-header-display":"","ast-hfb-above-header-display":"","ast-hfb-below-header-display":"","ast-hfb-mobile-header-display":"","site-post-title":"disabled","ast-breadcrumbs-content":"","ast-featured-img":"disabled","footer-sml-layout":"","ast-disable-related-posts":"","theme-transparent-header-meta":"default","adv-header-id-meta":"","stick-header-meta":"","header-above-stick-meta":"","header-main-stick-meta":"","header-below-stick-meta":"","astra-migrate-meta-layouts":"default","ast-page-background-enabled":"default","ast-page-background-meta":{"desktop":{"background-color":"","background-image":"","background-repeat":"repeat","background-position":"center center","background-size":"auto","background-attachment":"scroll","background-type":"","background-media":"","overlay-type":"","overlay-color":"","overlay-opacity":"","overlay-gradient":""},"tablet":{"background-color":"","background-image":"","background-repeat":"repeat","background-position":"center center","background-size":"auto","background-attachment":"scroll","background-type":"","background-media":"","overlay-type":"","overlay-color":"","overlay-opacity":"","overlay-gradient":""},"mobile":{"background-color":"","background-image":"","background-repeat":"repeat","background-position":"center center","background-size":"auto","background-attachment":"scroll","background-type":"","background-media":"","overlay-type":"","overlay-color":"","overlay-opacity":"","overlay-gradient":""}},"ast-content-background-meta":{"desktop":{"background-color":"var(--ast-global-color-5)","background-image":"","background-repeat":"repeat","background-position":"center center","background-size":"auto","background-attachment":"scroll","background-type":"","background-media":"","overlay-type":"","overlay-color":"","overlay-opacity":"","overlay-gradient":""},"tablet":{"background-color":"var(--ast-global-color-5)","background-image":"","background-repeat":"repeat","background-position":"center center","background-size":"auto","background-attachment":"scroll","background-type":"","background-media":"","overlay-type":"","overlay-color":"","overlay-opacity":"","overlay-gradient":""},"mobile":{"background-color":"var(--ast-global-color-5)","background-image":"","background-repeat":"repeat","background-position":"center center","background-size":"auto","background-attachment":"scroll","background-type":"","background-media":"","overlay-type":"","overlay-color":"","overlay-opacity":"","overlay-gradient":""}},"footnotes":""},"class_list":["post-13","page","type-page","status-publish","hentry"],"_links":{"self":[{"href":"https:\/\/meyer-autohaus.de\/index.php\/wp-json\/wp\/v2\/pages\/13","targetHints":{"allow":["GET"]}}],"collection":[{"href":"https:\/\/meyer-autohaus.de\/index.php\/wp-json\/wp\/v2\/pages"}],"about":[{"href":"https:\/\/meyer-autohaus.de\/index.php\/wp-json\/wp\/v2\/types\/page"}],"author":[{"embeddable":true,"href":"https:\/\/meyer-autohaus.de\/index.php\/wp-json\/wp\/v2\/users\/1"}],"replies":[{"embeddable":true,"href":"https:\/\/meyer-autohaus.de\/index.php\/wp-json\/wp\/v2\/comments?post=13"}],"version-history":[{"count":22,"href":"https:\/\/meyer-autohaus.de\/index.php\/wp-json\/wp\/v2\/pages\/13\/revisions"}],"predecessor-version":[{"id":1305,"href":"https:\/\/meyer-autohaus.de\/index.php\/wp-json\/wp\/v2\/pages\/13\/revisions\/1305"}],"wp:attachment":[{"href":"https:\/\/meyer-autohaus.de\/index.php\/wp-json\/wp\/v2\/media?parent=13"}],"curies":[{"name":"wp","href":"https:\/\/api.w.org\/{rel}","templated":true}]}}